{"id":1054,"date":"2019-07-03T08:20:06","date_gmt":"2019-07-03T06:20:06","guid":{"rendered":"https:\/\/www.syntetyk.com\/store\/?post_type=product&#038;p=1054"},"modified":"2022-01-21T12:35:26","modified_gmt":"2022-01-21T11:35:26","slug":"la-experiencia-de-crear-un-designer-toy-ebook","status":"publish","type":"product","link":"https:\/\/syntetyk.com\/store\/producto\/la-experiencia-de-crear-un-designer-toy-ebook\/","title":{"rendered":"La Experiencia de Crear un Designer Toy (eBook)"},"content":{"rendered":"","protected":false},"excerpt":{"rendered":"<div>En las siguientes p\u00e1ginas, encontrar\u00e1s una narraci\u00f3n de la experiencia que ha sido para nosotros, fabricar un designer toy de modo artesanal. Desde el dise\u00f1o hasta la producci\u00f3n.<\/div>\n<div>No pretende ser un manual de instrucciones, sino una descripci\u00f3n de un m\u00e9todo de trabajo basado en la experimentaci\u00f3n y en la experiencia.<\/div>\n<div><\/div>\n<div><\/div>\n<div>Detalles:<\/div>\n<ul>\n<li><strong>Edici\u00f3n eBook digital<\/strong><\/li>\n<li>N\u00b0 de p\u00e1ginas: 86<\/li>\n<li>ISBN: 978-84-614-2434-7<\/li>\n<li>2010<\/li>\n<li>Cons\u00edguelo en <a href=\"https:\/\/books.google.es\/books\/about?id=G4ikDwAAQBAJ&amp;redir_esc=y\">Google Libros<\/a><\/li>\n<li><a class=\"badge\" href=\"https:\/\/books.apple.com\/es\/book\/la-experiencia-de-crear-un-designer-toy\/id1471137688\" target=\"_blank\" rel=\"noopener noreferrer\"><img loading=\"lazy\" decoding=\"async\" class=\"alignleft wp-image-1058\" src=\"https:\/\/syntetyk.com\/store\/wp-content\/uploads\/sites\/7\/2019\/07\/ES_Apple_Books_Badge_Get_RGB_071818.jpg\" alt=\"\" width=\"127\" height=\"36\" \/><\/a><\/li>\n<\/ul>\n","protected":false},"featured_media":1410,"template":"","meta":{"_monsterinsights_skip_tracking":false,"_monsterinsights_sitenote_active":false,"_monsterinsights_sitenote_note":"","_monsterinsights_sitenote_category":0,"jetpack_post_was_ever_published":false},"product_brand":[],"product_cat":[19],"product_tag":[],"class_list":{"0":"post-1054","1":"product","2":"type-product","3":"status-publish","4":"has-post-thumbnail","6":"product_cat-libros","7":"wpbf-post","10":"instock","11":"taxable","12":"shipping-taxable","13":"product-type-external"},"aioseo_notices":[],"jetpack_sharing_enabled":true,"_links":{"self":[{"href":"https:\/\/syntetyk.com\/store\/wp-json\/wp\/v2\/product\/1054","targetHints":{"allow":["GET"]}}],"collection":[{"href":"https:\/\/syntetyk.com\/store\/wp-json\/wp\/v2\/product"}],"about":[{"href":"https:\/\/syntetyk.com\/store\/wp-json\/wp\/v2\/types\/product"}],"wp:featuredmedia":[{"embeddable":true,"href":"https:\/\/syntetyk.com\/store\/wp-json\/wp\/v2\/media\/1410"}],"wp:attachment":[{"href":"https:\/\/syntetyk.com\/store\/wp-json\/wp\/v2\/media?parent=1054"}],"wp:term":[{"taxonomy":"product_brand","embeddable":true,"href":"https:\/\/syntetyk.com\/store\/wp-json\/wp\/v2\/product_brand?post=1054"},{"taxonomy":"product_cat","embeddable":true,"href":"https:\/\/syntetyk.com\/store\/wp-json\/wp\/v2\/product_cat?post=1054"},{"taxonomy":"product_tag","embeddable":true,"href":"https:\/\/syntetyk.com\/store\/wp-json\/wp\/v2\/product_tag?post=1054"}],"curies":[{"name":"wp","href":"https:\/\/api.w.org\/{rel}","templated":true}]}}