{"id":356,"date":"2019-06-03T09:31:12","date_gmt":"2019-06-03T07:31:12","guid":{"rendered":"https:\/\/www.syntetyk.com\/store\/?post_type=product&#038;p=356"},"modified":"2022-03-02T10:46:28","modified_gmt":"2022-03-02T09:46:28","slug":"alex-custom-anatoy","status":"publish","type":"product","link":"https:\/\/syntetyk.com\/store\/producto\/alex-custom-anatoy\/","title":{"rendered":"Alex, custom AnaToy"},"content":{"rendered":"","protected":false},"excerpt":{"rendered":"<p>Alex es el protagonista de La Naranja Mec\u00e1nica. Es un toy personalizado para el evento Designer Toy World Cup, celebrado los d\u00edas 1 y 2 de Junio de 2019 en Nueva York. Tienes m\u00e1s informaci\u00f3n el <a href=\"https:\/\/syntetyk.com\/blog\/designer-toy-world-cup-2019\/\">esta entrada de nuestro blog<\/a>.<\/p>\n<p><strong>VENDIDO<\/strong><\/p>\n","protected":false},"featured_media":1440,"template":"","meta":{"_monsterinsights_skip_tracking":false,"_monsterinsights_sitenote_active":false,"_monsterinsights_sitenote_note":"","_monsterinsights_sitenote_category":0,"jetpack_post_was_ever_published":false},"product_brand":[],"product_cat":[71],"product_tag":[],"class_list":{"0":"post-356","1":"product","2":"type-product","3":"status-publish","4":"has-post-thumbnail","6":"product_cat-custom","7":"wpbf-post","10":"instock","11":"taxable","12":"shipping-taxable","13":"product-type-external"},"aioseo_notices":[],"jetpack_sharing_enabled":true,"_links":{"self":[{"href":"https:\/\/syntetyk.com\/store\/wp-json\/wp\/v2\/product\/356","targetHints":{"allow":["GET"]}}],"collection":[{"href":"https:\/\/syntetyk.com\/store\/wp-json\/wp\/v2\/product"}],"about":[{"href":"https:\/\/syntetyk.com\/store\/wp-json\/wp\/v2\/types\/product"}],"wp:featuredmedia":[{"embeddable":true,"href":"https:\/\/syntetyk.com\/store\/wp-json\/wp\/v2\/media\/1440"}],"wp:attachment":[{"href":"https:\/\/syntetyk.com\/store\/wp-json\/wp\/v2\/media?parent=356"}],"wp:term":[{"taxonomy":"product_brand","embeddable":true,"href":"https:\/\/syntetyk.com\/store\/wp-json\/wp\/v2\/product_brand?post=356"},{"taxonomy":"product_cat","embeddable":true,"href":"https:\/\/syntetyk.com\/store\/wp-json\/wp\/v2\/product_cat?post=356"},{"taxonomy":"product_tag","embeddable":true,"href":"https:\/\/syntetyk.com\/store\/wp-json\/wp\/v2\/product_tag?post=356"}],"curies":[{"name":"wp","href":"https:\/\/api.w.org\/{rel}","templated":true}]}}