{"id":56,"date":"2019-04-12T08:55:07","date_gmt":"2019-04-12T06:55:07","guid":{"rendered":"https:\/\/www.syntetyk.com\/store\/?post_type=product&#038;p=56"},"modified":"2019-06-19T12:13:57","modified_gmt":"2019-06-19T10:13:57","slug":"la-experiencia-de-crear-un-designer-toy-papel","status":"publish","type":"product","link":"https:\/\/syntetyk.com\/store\/producto\/la-experiencia-de-crear-un-designer-toy-papel\/","title":{"rendered":"La Experiencia de Crear un Designer Toy (impreso)"},"content":{"rendered":"","protected":false},"excerpt":{"rendered":"<div>En las siguientes p\u00e1ginas, encontrar\u00e1s una narraci\u00f3n de la experiencia que ha sido para nosotros, fabricar un designer toy de modo artesanal. Desde el dise\u00f1o hasta la producci\u00f3n.<\/div>\n<div>No pretende ser un manual de instrucciones, sino una descripci\u00f3n de un m\u00e9todo de trabajo basado en la experimentaci\u00f3n y en la experiencia.<\/div>\n<div><\/div>\n<div>Detalles:<\/div>\n<ul>\n<li><strong>Edici\u00f3n en papel<\/strong><\/li>\n<li>N\u00b0 de p\u00e1ginas: 86<\/li>\n<li>Tama\u00f1o: 216x279mm<\/li>\n<li>Encuadernaci\u00f3n: R\u00fastica<\/li>\n<li>Acabado brillo<\/li>\n<li>ISBN: 978-84-614-2434-4<\/li>\n<li>2010<\/li>\n<\/ul>\n","protected":false},"featured_media":61,"template":"","meta":{"_monsterinsights_skip_tracking":false,"_monsterinsights_sitenote_active":false,"_monsterinsights_sitenote_note":"","_monsterinsights_sitenote_category":0,"jetpack_post_was_ever_published":false},"product_brand":[],"product_cat":[19],"product_tag":[],"class_list":{"0":"post-56","1":"product","2":"type-product","3":"status-publish","4":"has-post-thumbnail","6":"product_cat-libros","7":"wpbf-post","10":"instock","11":"taxable","12":"shipping-taxable","13":"product-type-external"},"aioseo_notices":[],"jetpack_sharing_enabled":true,"_links":{"self":[{"href":"https:\/\/syntetyk.com\/store\/wp-json\/wp\/v2\/product\/56","targetHints":{"allow":["GET"]}}],"collection":[{"href":"https:\/\/syntetyk.com\/store\/wp-json\/wp\/v2\/product"}],"about":[{"href":"https:\/\/syntetyk.com\/store\/wp-json\/wp\/v2\/types\/product"}],"wp:featuredmedia":[{"embeddable":true,"href":"https:\/\/syntetyk.com\/store\/wp-json\/wp\/v2\/media\/61"}],"wp:attachment":[{"href":"https:\/\/syntetyk.com\/store\/wp-json\/wp\/v2\/media?parent=56"}],"wp:term":[{"taxonomy":"product_brand","embeddable":true,"href":"https:\/\/syntetyk.com\/store\/wp-json\/wp\/v2\/product_brand?post=56"},{"taxonomy":"product_cat","embeddable":true,"href":"https:\/\/syntetyk.com\/store\/wp-json\/wp\/v2\/product_cat?post=56"},{"taxonomy":"product_tag","embeddable":true,"href":"https:\/\/syntetyk.com\/store\/wp-json\/wp\/v2\/product_tag?post=56"}],"curies":[{"name":"wp","href":"https:\/\/api.w.org\/{rel}","templated":true}]}}