{"id":63,"date":"2019-04-12T10:00:32","date_gmt":"2019-04-12T08:00:32","guid":{"rendered":"https:\/\/www.syntetyk.com\/store\/?post_type=product&#038;p=63"},"modified":"2019-06-19T12:15:15","modified_gmt":"2019-06-19T10:15:15","slug":"catalogo-expo-un-designer-toy-artesanal-impreso","status":"publish","type":"product","link":"https:\/\/syntetyk.com\/store\/producto\/catalogo-expo-un-designer-toy-artesanal-impreso\/","title":{"rendered":"Cat\u00e1logo Expo Un Designer Toy Artesanal (impreso)"},"content":{"rendered":"","protected":false},"excerpt":{"rendered":"<p>Cat\u00e1logo de la exposici\u00f3n que se organiza como respuesta a la gran acogida y colaboraci\u00f3n, que multitud de artistas del movimiento\u00a0<strong>Art Toy<\/strong>, han ofrecido a\u00a0<strong>Syntetyk<\/strong>\u00a0durante todo el proceso de creaci\u00f3n del documental\u00a0<strong>Un Designer Toy Artesanal<\/strong>.<\/p>\n<p>Todo comenz\u00f3 como un ejercicio creativo de dos personas y termina con una gran explosi\u00f3n de energ\u00eda global, que va m\u00e1s all\u00e1 del propio documental, creando un espacio f\u00edsico para acoger las obras de aquellos colegas que nos han acompa\u00f1ado en este recorrido.<\/p>\n<p>Este cat\u00e1logo contiene fotograf\u00edas de cada una de las piezas presentadas en la exposici\u00f3n, clasificadas por artista, adem\u00e1s de fotograf\u00edas de la inauguraci\u00f3n y descripciones en\u00a0espa\u00f1ol y en ingl\u00e9s.<\/p>\n<p>Detalle:<\/p>\n<ul>\n<li><strong>Edici\u00f3n en papel<\/strong><\/li>\n<li>N\u00b0 de p\u00e1ginas: 134<\/li>\n<li>Tama\u00f1o: 229x178mm<\/li>\n<li>Encuadernaci\u00f3n: R\u00fastica<\/li>\n<li>Acabado brillo<\/li>\n<li>ISBN: 978-84-617-0753-9<\/li>\n<li>2014<\/li>\n<\/ul>\n","protected":false},"featured_media":65,"template":"","meta":{"_monsterinsights_skip_tracking":false,"_monsterinsights_sitenote_active":false,"_monsterinsights_sitenote_note":"","_monsterinsights_sitenote_category":0,"jetpack_post_was_ever_published":false},"product_brand":[],"product_cat":[19],"product_tag":[],"class_list":{"0":"post-63","1":"product","2":"type-product","3":"status-publish","4":"has-post-thumbnail","6":"product_cat-libros","7":"wpbf-post","10":"instock","11":"taxable","12":"shipping-taxable","13":"product-type-external"},"aioseo_notices":[],"jetpack_sharing_enabled":true,"_links":{"self":[{"href":"https:\/\/syntetyk.com\/store\/wp-json\/wp\/v2\/product\/63","targetHints":{"allow":["GET"]}}],"collection":[{"href":"https:\/\/syntetyk.com\/store\/wp-json\/wp\/v2\/product"}],"about":[{"href":"https:\/\/syntetyk.com\/store\/wp-json\/wp\/v2\/types\/product"}],"wp:featuredmedia":[{"embeddable":true,"href":"https:\/\/syntetyk.com\/store\/wp-json\/wp\/v2\/media\/65"}],"wp:attachment":[{"href":"https:\/\/syntetyk.com\/store\/wp-json\/wp\/v2\/media?parent=63"}],"wp:term":[{"taxonomy":"product_brand","embeddable":true,"href":"https:\/\/syntetyk.com\/store\/wp-json\/wp\/v2\/product_brand?post=63"},{"taxonomy":"product_cat","embeddable":true,"href":"https:\/\/syntetyk.com\/store\/wp-json\/wp\/v2\/product_cat?post=63"},{"taxonomy":"product_tag","embeddable":true,"href":"https:\/\/syntetyk.com\/store\/wp-json\/wp\/v2\/product_tag?post=63"}],"curies":[{"name":"wp","href":"https:\/\/api.w.org\/{rel}","templated":true}]}}