{"id":75,"date":"2019-04-12T11:37:54","date_gmt":"2019-04-12T09:37:54","guid":{"rendered":"https:\/\/www.syntetyk.com\/store\/?post_type=product&#038;p=75"},"modified":"2019-05-22T09:37:48","modified_gmt":"2019-05-22T07:37:48","slug":"catalogo-brew-toys","status":"publish","type":"product","link":"https:\/\/syntetyk.com\/store\/producto\/catalogo-brew-toys\/","title":{"rendered":"Cat\u00e1logo exposici\u00f3n Brew Toys (pdf)"},"content":{"rendered":"","protected":false},"excerpt":{"rendered":"<div class=\"biografia\">\n<div title=\"Page 5\">\n<div>\n<div>\n<p>Brew Toys es una exposici\u00f3n que naci\u00f3 durante el Pecha Kucha Night Valencia Vol. 17. Cuando Syntetyk y Zeta Beer nos retamos mutuamente a trav\u00e9s de Twitter, sin conocernos de nada.<\/p>\n<p>A partir de ese momento empez\u00f3 a tomar cuerpo, gracias a Vinyl Escape, y al nexo que nos une a los tres pilares: Valencia. Esta muestra es una exposici\u00f3n con una fuerte carga valenciana que se completa con representaci\u00f3n nacional por cuenta de Wip Toys.<\/p>\n<\/div>\n<div>\n<p>Brew Toys es un ejercicio de diversi\u00f3n en el que juntamos Art Toys y cerveza fresca. Dos sujetos interesantes por separado y apasionantes juntos.<\/p>\n<p>Participamos en esta exposici\u00f3n:<br \/>\nHx Studio, Flukegraf, Godhay, The Criaturas, Jalos, Que Maten Al Dise\u00f1ador, CranioDSGN, Cot\u00e9 Escriv\u00e1 Discoh, Estudi Cercle, Jorge Lawerta, Jos\u00e9 Rico y Mar\u00eda Rico, Nuria Balaguer, Sara Sanz, Twee Muizen, Joan Quir\u00f3s, Kike Correcher y Syntetyk.<\/p>\n<\/div>\n<\/div>\n<\/div>\n<\/div>\n<div class=\"clear\"><\/div>\n","protected":false},"featured_media":76,"template":"","meta":{"_monsterinsights_skip_tracking":false,"_monsterinsights_sitenote_active":false,"_monsterinsights_sitenote_note":"","_monsterinsights_sitenote_category":0,"jetpack_post_was_ever_published":false},"product_brand":[],"product_cat":[19],"product_tag":[],"class_list":{"0":"post-75","1":"product","2":"type-product","3":"status-publish","4":"has-post-thumbnail","6":"product_cat-libros","7":"wpbf-post","10":"instock","11":"sold-individually","12":"product-type-external"},"aioseo_notices":[],"jetpack_sharing_enabled":true,"_links":{"self":[{"href":"https:\/\/syntetyk.com\/store\/wp-json\/wp\/v2\/product\/75","targetHints":{"allow":["GET"]}}],"collection":[{"href":"https:\/\/syntetyk.com\/store\/wp-json\/wp\/v2\/product"}],"about":[{"href":"https:\/\/syntetyk.com\/store\/wp-json\/wp\/v2\/types\/product"}],"wp:featuredmedia":[{"embeddable":true,"href":"https:\/\/syntetyk.com\/store\/wp-json\/wp\/v2\/media\/76"}],"wp:attachment":[{"href":"https:\/\/syntetyk.com\/store\/wp-json\/wp\/v2\/media?parent=75"}],"wp:term":[{"taxonomy":"product_brand","embeddable":true,"href":"https:\/\/syntetyk.com\/store\/wp-json\/wp\/v2\/product_brand?post=75"},{"taxonomy":"product_cat","embeddable":true,"href":"https:\/\/syntetyk.com\/store\/wp-json\/wp\/v2\/product_cat?post=75"},{"taxonomy":"product_tag","embeddable":true,"href":"https:\/\/syntetyk.com\/store\/wp-json\/wp\/v2\/product_tag?post=75"}],"curies":[{"name":"wp","href":"https:\/\/api.w.org\/{rel}","templated":true}]}}