{"id":12,"date":"2013-01-16T12:52:34","date_gmt":"2013-01-16T11:52:34","guid":{"rendered":"http:\/\/www.syntetyk.com\/un-designer-toy-artesanal\/?page_id=12"},"modified":"2014-07-08T09:11:05","modified_gmt":"2014-07-08T08:11:05","slug":"proyecto","status":"publish","type":"page","link":"https:\/\/syntetyk.com\/un-designer-toy-artesanal\/proyecto\/","title":{"rendered":"El proyecto, \u00bfde qu\u00e9 va esto?"},"content":{"rendered":"<div class=\"wpbf-responsive-embed\"><iframe loading=\"lazy\" title=\"Un Designer Toy Artesanal Promo\" src=\"https:\/\/player.vimeo.com\/video\/55260666?dnt=1&amp;app_id=122963\" width=\"1200\" height=\"675\" frameborder=\"0\" allow=\"autoplay; fullscreen; picture-in-picture; clipboard-write\"><\/iframe><\/div>\n<h2>\u00bfQu\u00e9 es Un Designer Toy Artesanal?<\/h2>\n<p>Un documental en el que mostrar el proceso de creaci\u00f3n de un Designer Toy de modo artesanal, desde el primer boceto, hasta tener una copia en la mano.<\/p>\n<p>Queremos compartir c\u00f3mo ha sido nuestra experiencia y nuestro m\u00e9todo de trabajo, y que sirva como gu\u00eda del proceso creativo para cualquier persona, entendida o no, que desee llevar sus proyectos hasta el final con \u00e9xito. Ofrecer una f\u00f3rmula real al alcance del m\u00e1ximo n\u00famero de personas, que las anime a empezar y desarrollar sus proyectos, teniendo la certeza de no abandonarlos cuando empiezan a surgir los problemas.<\/p>\n<p>&nbsp;<\/p>\n<p><img loading=\"lazy\" decoding=\"async\" width=\"600\" height=\"338\" data-attachment-id=\"117\" data-permalink=\"https:\/\/syntetyk.com\/un-designer-toy-artesanal\/proyecto\/verkami_f3148d36cd5aeb60f69a765fedf330cd\/\" data-orig-file=\"https:\/\/syntetyk.com\/un-designer-toy-artesanal\/wp-content\/uploads\/sites\/3\/2013\/01\/verkami_f3148d36cd5aeb60f69a765fedf330cd.jpeg\" data-orig-size=\"600,338\" data-comments-opened=\"1\" data-image-meta=\"{&quot;aperture&quot;:&quot;0&quot;,&quot;credit&quot;:&quot;&quot;,&quot;camera&quot;:&quot;&quot;,&quot;caption&quot;:&quot;&quot;,&quot;created_timestamp&quot;:&quot;0&quot;,&quot;copyright&quot;:&quot;&quot;,&quot;focal_length&quot;:&quot;0&quot;,&quot;iso&quot;:&quot;0&quot;,&quot;shutter_speed&quot;:&quot;0&quot;,&quot;title&quot;:&quot;&quot;}\" data-image-title=\"verkami_f3148d36cd5aeb60f69a765fedf330cd\" data-image-description=\"\" data-image-caption=\"\" data-large-file=\"https:\/\/syntetyk.com\/un-designer-toy-artesanal\/wp-content\/uploads\/sites\/3\/2013\/01\/verkami_f3148d36cd5aeb60f69a765fedf330cd.jpeg\" class=\"alignnone size-full wp-image-117\" src=\"https:\/\/www.syntetyk.com\/un-designer-toy-artesanal\/wp-content\/uploads\/sites\/3\/2013\/01\/verkami_f3148d36cd5aeb60f69a765fedf330cd.jpeg\" alt=\"verkami_f3148d36cd5aeb60f69a765fedf330cd\" srcset=\"https:\/\/syntetyk.com\/un-designer-toy-artesanal\/wp-content\/uploads\/sites\/3\/2013\/01\/verkami_f3148d36cd5aeb60f69a765fedf330cd.jpeg 600w, https:\/\/syntetyk.com\/un-designer-toy-artesanal\/wp-content\/uploads\/sites\/3\/2013\/01\/verkami_f3148d36cd5aeb60f69a765fedf330cd-300x169.jpeg 300w\" sizes=\"auto, (max-width: 600px) 100vw, 600px\" \/><\/p>\n<p>&nbsp;<\/p>\n<h2>\u00bfC\u00f3mo lo vamos a hacer?<\/h2>\n<p>Nuestro proyecto persigue cuatro objetivos:<\/p>\n<ol>\n<li><strong>Ofrecer a las personas creadoras de toys, la posibilidad de aprender un m\u00e9todo de trabajo f\u00e1cil y eficaz para convertir sus dise\u00f1os en objetos f\u00edsicos.<\/strong><br \/>\nVemos mucha gente que descubre el mundo de los Designer Toys, y r\u00e1pidamente se vuelven amantes de ellos. El siguiente paso suele ser lanzarse a crear los suyos propios, solo que cu\u00e1ndo llega el momento de hacerlo realidad como objeto f\u00edsico, aparecen una serie de dificultades que les llevan a elegir entre dos opciones: una es mandarlos a producir de forma industrial, con lo que pierden la oportunidad de participar en el desarrollo de su propia creaci\u00f3n, adem\u00e1s del desembolso econ\u00f3mico que conlleva, y otra, es mancharse las manos y fabricarlo por ellos mismos.<\/li>\n<li><strong>Mantener el Efecto Sorpresa en la creaci\u00f3n de dicho toy.<\/strong>\u00a0Seguir paso a paso la creaci\u00f3n de un nuevo toy, que jam\u00e1s antes ha existido y por tanto, conocer el resultado final del mismo, estar\u00e1 unido a la consecuci\u00f3n del documental, ya que dicho toy existir\u00e1 s\u00f3lo si se materializa esta idea.<\/li>\n<li><strong>Introducir una innovaci\u00f3n t\u00e9cnica de car\u00e1cter artesanal, capaz de conseguir la oquedad necesaria en el objeto final.<\/strong>\u00a0Este objetivo es innovador porque permite que el toy sea suficientemente hueco, sin que el objeto pierda sus cualidades ni su consistencia final, de modo que el ahorro en material llega a ser de hasta un 70 %.<\/li>\n<li><strong>La plasticidad del m\u00e9todo artesanal.<\/strong>\u00a0El m\u00e9todo que se defiende en el documental, es adaptable a la creaci\u00f3n de cualquier objeto f\u00edsico, m\u00e1s all\u00e1 del Designer Toy, esto es, que la f\u00f3rmula que se muestra en el video es adaptable a otras necesidades creativas como por ejemplo: prototipos de dise\u00f1o industrial, maquetas caseras, reproducciones de piezas a escala, etc&#8230;<\/li>\n<\/ol>\n<p>Nosotros deseamos con este proyecto\/documental animar a que los dise\u00f1os se conviertan en realidades manufacturadas por la propia persona creadora de los mismos, de forma que el proceso de creaci\u00f3n repercuta en su satisfacci\u00f3n personal y sienta como exitosa su propia creaci\u00f3n del objeto final.<\/p>\n<p>&nbsp;<\/p>\n<p><img loading=\"lazy\" decoding=\"async\" width=\"600\" height=\"462\" data-attachment-id=\"118\" data-permalink=\"https:\/\/syntetyk.com\/un-designer-toy-artesanal\/proyecto\/verkami_c2af9eb189a638127ea62de72a4aa80f\/\" data-orig-file=\"https:\/\/syntetyk.com\/un-designer-toy-artesanal\/wp-content\/uploads\/sites\/3\/2013\/01\/verkami_c2af9eb189a638127ea62de72a4aa80f.jpeg\" data-orig-size=\"600,462\" data-comments-opened=\"1\" data-image-meta=\"{&quot;aperture&quot;:&quot;0&quot;,&quot;credit&quot;:&quot;&quot;,&quot;camera&quot;:&quot;&quot;,&quot;caption&quot;:&quot;&quot;,&quot;created_timestamp&quot;:&quot;0&quot;,&quot;copyright&quot;:&quot;&quot;,&quot;focal_length&quot;:&quot;0&quot;,&quot;iso&quot;:&quot;0&quot;,&quot;shutter_speed&quot;:&quot;0&quot;,&quot;title&quot;:&quot;&quot;}\" data-image-title=\"verkami_c2af9eb189a638127ea62de72a4aa80f\" data-image-description=\"\" data-image-caption=\"\" data-large-file=\"https:\/\/syntetyk.com\/un-designer-toy-artesanal\/wp-content\/uploads\/sites\/3\/2013\/01\/verkami_c2af9eb189a638127ea62de72a4aa80f.jpeg\" class=\"alignnone size-full wp-image-118\" src=\"https:\/\/www.syntetyk.com\/un-designer-toy-artesanal\/wp-content\/uploads\/sites\/3\/2013\/01\/verkami_c2af9eb189a638127ea62de72a4aa80f.jpeg\" alt=\"verkami_c2af9eb189a638127ea62de72a4aa80f\" srcset=\"https:\/\/syntetyk.com\/un-designer-toy-artesanal\/wp-content\/uploads\/sites\/3\/2013\/01\/verkami_c2af9eb189a638127ea62de72a4aa80f.jpeg 600w, https:\/\/syntetyk.com\/un-designer-toy-artesanal\/wp-content\/uploads\/sites\/3\/2013\/01\/verkami_c2af9eb189a638127ea62de72a4aa80f-300x231.jpeg 300w\" sizes=\"auto, (max-width: 600px) 100vw, 600px\" \/><\/p>\n<p>&nbsp;<\/p>\n<p>&nbsp;<\/p>\n<h2>Sobre nuestra relaci\u00f3n con los Designer Toys<\/h2>\n<p>Hace tiempo que desarrollamos estos \u00abjuguetes de dise\u00f1ador\u00bb (Designer Toy) porque con su creaci\u00f3n y producci\u00f3n hemos podido recoger la m\u00e1xima expresi\u00f3n del acabado creativo en el objeto. Un objeto que en ocasiones hemos vendido y otras veces hemos regalado como obsequio personalizado a nuestros clientes, eso si, siempre desde el disfrute y la profesionalidad.<br \/>\nPor ello, de forma habitual hemos ido comentando los avances y las dificultades encontradas en el proceso, con otras personas que tambi\u00e9n han ido desarrollando sus toys paralelamente. Ha sido en ese intercambio de experiencias, cuando nos hemos dado cuenta de que mucha gente deja abandonados sus proyectos por encontrarse con dificultades y bloqueos a los que no llegaban a encontrarles soluci\u00f3n.<br \/>\nEsta realidad nos llev\u00f3 a transmitir y compartir nuestra experiencia en un libro, en principio de papel, en el que hicimos acopio de fotograf\u00edas que hab\u00edamos realizado durante el proceso creativo. M\u00e1s tarde, dise\u00f1amos una aplicaci\u00f3n para dispositivos m\u00f3viles (App), para poder incluir contenido multimedia del que dispon\u00edamos y entend\u00edamos como provechoso para mostrar un poco m\u00e1s de cerca nuestro trabajo.<\/p>\n<p>Por tanto, lo que en principio, fue un material que no hab\u00eda sido pensado para ser usado ni en libros ni Apps, y por tanto, pareciera que su misi\u00f3n fuese ser relegado al recuerdo, fue recopilado, organizado y maquetado para ser mostrado al mundo.<br \/>\n<strong>Nuestra intenci\u00f3n es mostrar en este documental la creaci\u00f3n artesanal de un nuevo Designer Toy<\/strong>, de forma que hacemos part\u00edcipes a las personas que nos quieran acompa\u00f1ar en este proyecto, ofreci\u00e9ndoles la oportunidad de permanecer junto a nosotros desde el primer momento de su dise\u00f1o, hasta su producci\u00f3n final, mostrando desde cero los pasos que seguimos en su realizaci\u00f3n.<br \/>\nPara ello, nuestra pretensi\u00f3n es\u00a0<strong>contar con la colaboraci\u00f3n de dise\u00f1adores expertos o de renombre, que puedan aportar su experiencia<\/strong>\u00a0en el dise\u00f1o y producci\u00f3n artesanal, por medio de entrevistas.<\/p>\n","protected":false},"excerpt":{"rendered":"<p>\u00bfQu\u00e9 es Un Designer Toy Artesanal? Un documental en el que mostrar el proceso de creaci\u00f3n de un Designer Toy de modo artesanal, desde el primer boceto, hasta tener una copia en la mano. Queremos compartir c\u00f3mo ha sido nuestra experiencia y nuestro m\u00e9todo de trabajo, y que sirva como gu\u00eda del proceso creativo para [&hellip;]<\/p>\n","protected":false},"author":1,"featured_media":0,"parent":0,"menu_order":0,"comment_status":"open","ping_status":"open","template":"","meta":{"_monsterinsights_skip_tracking":false,"_monsterinsights_sitenote_active":false,"_monsterinsights_sitenote_note":"","_monsterinsights_sitenote_category":0,"jetpack_post_was_ever_published":false,"footnotes":""},"class_list":["post-12","page","type-page","status-publish","hentry","wpbf-post"],"aioseo_notices":[],"jetpack_shortlink":"https:\/\/wp.me\/P36pFN-c","jetpack_sharing_enabled":false,"_links":{"self":[{"href":"https:\/\/syntetyk.com\/un-designer-toy-artesanal\/wp-json\/wp\/v2\/pages\/12","targetHints":{"allow":["GET"]}}],"collection":[{"href":"https:\/\/syntetyk.com\/un-designer-toy-artesanal\/wp-json\/wp\/v2\/pages"}],"about":[{"href":"https:\/\/syntetyk.com\/un-designer-toy-artesanal\/wp-json\/wp\/v2\/types\/page"}],"author":[{"embeddable":true,"href":"https:\/\/syntetyk.com\/un-designer-toy-artesanal\/wp-json\/wp\/v2\/users\/1"}],"replies":[{"embeddable":true,"href":"https:\/\/syntetyk.com\/un-designer-toy-artesanal\/wp-json\/wp\/v2\/comments?post=12"}],"version-history":[{"count":15,"href":"https:\/\/syntetyk.com\/un-designer-toy-artesanal\/wp-json\/wp\/v2\/pages\/12\/revisions"}],"predecessor-version":[{"id":1892,"href":"https:\/\/syntetyk.com\/un-designer-toy-artesanal\/wp-json\/wp\/v2\/pages\/12\/revisions\/1892"}],"wp:attachment":[{"href":"https:\/\/syntetyk.com\/un-designer-toy-artesanal\/wp-json\/wp\/v2\/media?parent=12"}],"curies":[{"name":"wp","href":"https:\/\/api.w.org\/{rel}","templated":true}]}}