{"id":1850,"date":"2014-07-07T12:05:52","date_gmt":"2014-07-04T13:05:03","guid":{"rendered":"http:\/\/www.syntetyk.com\/un-designer-toy-artesanal\/?page_id=1850"},"modified":"2014-07-07T12:12:15","modified_gmt":"2014-07-07T11:12:15","slug":"ver-ahora","status":"publish","type":"page","link":"https:\/\/syntetyk.com\/un-designer-toy-artesanal\/ver-ahora\/","title":{"rendered":"\u00a1Ver ahora!"},"content":{"rendered":"<p class=\"p1\">Un Designer Toy Artesanal es un documental en el que mostrar el proceso de creaci\u00f3n de un Designer Toy de modo artesanal, desde el primer boceto, hasta tener una copia en la mano.<\/p>\n<p class=\"p1\">Queremos compartir c\u00f3mo ha sido nuestra experiencia y nuestro m\u00e9todo de trabajo, y que sirva como gu\u00eda del proceso creativo para cualquier persona, entendida o no, que desee llevar sus proyectos hasta el final con \u00e9xito. Ofrecer una f\u00f3rmula real al alcance del m\u00e1ximo n\u00famero de personas, que las anime a empezar y desarrollar sus proyectos, teniendo la certeza de no abandonarlos cuando empiezan a surgir los problemas.<\/p>\n<p>&nbsp;<\/p>\n<div style=\"position: relative; padding-bottom: 56.25%; height: 0;\"><iframe loading=\"lazy\" style=\"position: absolute; top: 0; left: 0; width: 100%; height: 100%;\" src=\"https:\/\/www.reelhouse.org\/syntetyk\/un-designer-toy-artesanal\/udta-alquiler-sp15135?embed=true\" width=\"300\" height=\"150\" frameborder=\"0\" allowfullscreen=\"allowfullscreen\"><\/iframe><\/div>\n","protected":false},"excerpt":{"rendered":"<p>Un Designer Toy Artesanal es un documental en el que mostrar el proceso de creaci\u00f3n de un Designer Toy de modo artesanal, desde el primer boceto, hasta tener una copia en la mano. Queremos compartir c\u00f3mo ha sido nuestra experiencia y nuestro m\u00e9todo de trabajo, y que sirva como gu\u00eda del proceso creativo para cualquier [&hellip;]<\/p>\n","protected":false},"author":1,"featured_media":0,"parent":0,"menu_order":0,"comment_status":"open","ping_status":"closed","template":"","meta":{"_monsterinsights_skip_tracking":false,"_monsterinsights_sitenote_active":false,"_monsterinsights_sitenote_note":"","_monsterinsights_sitenote_category":0,"jetpack_post_was_ever_published":false,"footnotes":""},"class_list":["post-1850","page","type-page","status-publish","hentry","wpbf-post"],"aioseo_notices":[],"jetpack_shortlink":"https:\/\/wp.me\/P36pFN-tQ","jetpack_sharing_enabled":true,"_links":{"self":[{"href":"https:\/\/syntetyk.com\/un-designer-toy-artesanal\/wp-json\/wp\/v2\/pages\/1850","targetHints":{"allow":["GET"]}}],"collection":[{"href":"https:\/\/syntetyk.com\/un-designer-toy-artesanal\/wp-json\/wp\/v2\/pages"}],"about":[{"href":"https:\/\/syntetyk.com\/un-designer-toy-artesanal\/wp-json\/wp\/v2\/types\/page"}],"author":[{"embeddable":true,"href":"https:\/\/syntetyk.com\/un-designer-toy-artesanal\/wp-json\/wp\/v2\/users\/1"}],"replies":[{"embeddable":true,"href":"https:\/\/syntetyk.com\/un-designer-toy-artesanal\/wp-json\/wp\/v2\/comments?post=1850"}],"version-history":[{"count":7,"href":"https:\/\/syntetyk.com\/un-designer-toy-artesanal\/wp-json\/wp\/v2\/pages\/1850\/revisions"}],"predecessor-version":[{"id":1887,"href":"https:\/\/syntetyk.com\/un-designer-toy-artesanal\/wp-json\/wp\/v2\/pages\/1850\/revisions\/1887"}],"wp:attachment":[{"href":"https:\/\/syntetyk.com\/un-designer-toy-artesanal\/wp-json\/wp\/v2\/media?parent=1850"}],"curies":[{"name":"wp","href":"https:\/\/api.w.org\/{rel}","templated":true}]}}